{"id":205,"date":"2025-10-16T15:12:23","date_gmt":"2025-10-16T15:12:23","guid":{"rendered":"https:\/\/reconocimientosvalencia.com\/home-2\/"},"modified":"2025-12-03T17:04:15","modified_gmt":"2025-12-03T17:04:15","slug":"inicio","status":"publish","type":"page","link":"https:\/\/reconocimientosvalencia.com\/en\/","title":{"rendered":"Home"},"content":{"rendered":"<div class=\"wp-block-uagb-container uagb-layout-grid uagb-block-52a5e7a5 alignfull uagb-is-root-container\"><div class=\"uagb-container-inner-blocks-wrap\">\n<div class=\"wp-block-uagb-info-box uagb-block-0c3037de uagb-infobox__content-wrap  uagb-infobox-icon-above-title uagb-infobox-image-valign-top\"><div class=\"uagb-ifb-content\"><div class=\"uagb-ifb-title-wrap\"><div class=\"uagb-ifb-separator\"><\/div><h1 class=\"uagb-ifb-title\">Medical Examination Centre<\/h1><\/div><\/div><\/div>\n\n\n\n<div class=\"wp-block-uagb-advanced-heading uagb-block-0a094371\"><div class=\"uagb-heading-text\">Renew your licence without waiting here.<\/div><p class=\"uagb-desc-text\">At Reconocimientos Valencia, we offer efficient and professional medical services for obtaining the necessary permits and certificates. Our team is committed to providing you with confidence and speed, so that you can complete your procedures without complications.<\/p><\/div>\n<\/div><\/div>\n\n\n\n<div class=\"wp-block-uagb-container uagb-block-6d4e3205 alignfull uagb-is-root-container\"><div class=\"uagb-container-inner-blocks-wrap\">\n<div class=\"wp-block-uagb-image uagb-block-41997195 wp-block-uagb-image--layout-default wp-block-uagb-image--effect-static wp-block-uagb-image--align-none uag-blocks-common-selector\" style=\"--z-index-desktop:1;;--z-index-tablet:undefined;;--z-index-mobile:undefined;\"><figure class=\"wp-block-uagb-image__figure\"><img loading=\"lazy\" decoding=\"async\" srcset=\"https:\/\/reconocimientosvalencia.com\/wp-content\/uploads\/2025\/10\/pexels-photo-8353789.jpeg ,https:\/\/reconocimientosvalencia.com\/wp-content\/uploads\/2025\/10\/pexels-photo-8353789.jpeg 780w, https:\/\/reconocimientosvalencia.com\/wp-content\/uploads\/2025\/10\/pexels-photo-8353789.jpeg 360w\" sizes=\"auto, (max-width: 480px) 150px\" src=\"https:\/\/reconocimientosvalencia.com\/wp-content\/uploads\/2025\/10\/pexels-photo-8353789.jpeg\" alt=\"Confident businessman in a suit working on a computer in a modern office setting.\" class=\"uag-image-9\" width=\"1200\" height=\"500\" title=\"home-hero\" role=\"img\"\/><\/figure><\/div>\n\n\n\n<div class=\"wp-block-uagb-advanced-heading uagb-block-c1430afc\"><div class=\"uagb-heading-text\">Get to know us<\/div><div class=\"uagb-separator\"><\/div><\/div>\n\n\n\n<div class=\"wp-block-uagb-container uagb-layout-grid uagb-block-872fa012\">\n<div class=\"wp-block-uagb-advanced-heading uagb-block-76d9be4a\"><h2 class=\"uagb-heading-text\">Our history and commitment to Valencia's health<\/h2><\/div>\n\n\n\n<div class=\"wp-block-uagb-container uagb-layout-flex uagb-block-9f20c438\">\n<div class=\"wp-block-uagb-advanced-heading uagb-block-6c26d2ee\"><h3 class=\"uagb-heading-text\">A medical centre that has always specialised in psychophysical examinations.<\/h3><\/div>\n\n\n\n<div class=\"wp-block-uagb-image uagb-block-3a4acf19 wp-block-uagb-image--layout-default wp-block-uagb-image--effect-static wp-block-uagb-image--align-none\"><figure class=\"wp-block-uagb-image__figure\"><img loading=\"lazy\" decoding=\"async\" srcset=\"https:\/\/reconocimientosvalencia.com\/wp-content\/uploads\/2025\/10\/pexels-photo-8962525.jpeg ,https:\/\/reconocimientosvalencia.com\/wp-content\/uploads\/2025\/10\/pexels-photo-8962525.jpeg 780w, https:\/\/reconocimientosvalencia.com\/wp-content\/uploads\/2025\/10\/pexels-photo-8962525.jpeg 360w\" sizes=\"auto, (max-width: 480px) 150px\" src=\"https:\/\/reconocimientosvalencia.com\/wp-content\/uploads\/2025\/10\/pexels-photo-8962525.jpeg\" alt=\"Two women reviewing documents potentially related to real estate decisions indoors.\" class=\"uag-image-10\" width=\"650\" height=\"400\" title=\"about-us\" role=\"img\"\/><\/figure><\/div>\n\n\n\n<div class=\"wp-block-uagb-info-box uagb-block-b216a928 uagb-infobox__content-wrap  uagb-infobox-icon-above-title uagb-infobox-image-valign-top wp-block-uagb-info-box--has-margin\"><div class=\"uagb-infobox-margin-wrapper\"><div class=\"uagb-ifb-content\"><div class=\"uagb-ifb-title-wrap\"><\/div><p class=\"uagb-ifb-desc\">At Reconocimientos Valencia, we have facilitated the process of obtaining certificates for hundreds of clients, always ensuring satisfaction and efficient service.<\/p><\/div><\/div><\/div>\n<\/div>\n<\/div>\n\n\n\n<div class=\"wp-block-uagb-advanced-heading uagb-block-257301db\"><p class=\"uagb-heading-text\">Our services<\/p><div class=\"uagb-separator\"><\/div><\/div>\n\n\n\n<div class=\"wp-block-uagb-container uagb-layout-flex uagb-block-d836a3f7\">\n<div class=\"wp-block-uagb-info-box uagb-block-5fb96413 uagb-infobox__content-wrap  uagb-infobox-icon-above-title uagb-infobox-image-valign-top wp-block-uagb-info-box--has-margin\"><div class=\"uagb-infobox-margin-wrapper\"><div class=\"uagb-ifb-content\"><div class=\"uagb-ifb-title-wrap\"><h3 class=\"uagb-ifb-title-prefix\">20+<\/h3><h4 class=\"uagb-ifb-title\">Years of Experience<\/h4><\/div><p class=\"uagb-ifb-desc\">This is a flexible section where you can share whatever you want.<\/p><\/div><\/div><\/div>\n\n\n\n<div class=\"wp-block-uagb-info-box uagb-block-81a43f00 uagb-infobox__content-wrap  uagb-infobox-icon-above-title uagb-infobox-image-valign-top wp-block-uagb-info-box--has-margin\"><div class=\"uagb-infobox-margin-wrapper\"><div class=\"uagb-ifb-content\"><div class=\"uagb-ifb-title-wrap\"><h3 class=\"uagb-ifb-title-prefix\">40+<\/h3><h4 class=\"uagb-ifb-title\">Team Members<\/h4><\/div><p class=\"uagb-ifb-desc\">This is a flexible section where you can share whatever you want.<\/p><\/div><\/div><\/div>\n\n\n\n<div class=\"wp-block-uagb-info-box uagb-block-7808e759 uagb-infobox__content-wrap  uagb-infobox-icon-above-title uagb-infobox-image-valign-top wp-block-uagb-info-box--has-margin\"><div class=\"uagb-infobox-margin-wrapper\"><div class=\"uagb-ifb-content\"><div class=\"uagb-ifb-title-wrap\"><h3 class=\"uagb-ifb-title-prefix\">98%<\/h3><h4 class=\"uagb-ifb-title\">Customer Satisfaction<\/h4><\/div><p class=\"uagb-ifb-desc\">This is a flexible section where you can share whatever you want.<\/p><\/div><\/div><\/div>\n\n\n\n<div class=\"wp-block-uagb-info-box uagb-block-08175930 uagb-infobox__content-wrap  uagb-infobox-icon-above-title uagb-infobox-image-valign-top wp-block-uagb-info-box--has-margin\"><div class=\"uagb-infobox-margin-wrapper\"><div class=\"uagb-ifb-content\"><div class=\"uagb-ifb-title-wrap\"><h3 class=\"uagb-ifb-title-prefix\">05+<\/h3><h4 class=\"uagb-ifb-title\">Awards Won<\/h4><\/div><p class=\"uagb-ifb-desc\">This is a flexible section where you can share whatever you want.<\/p><\/div><\/div><\/div>\n<\/div>\n<\/div><\/div>\n\n\n\n<div class=\"wp-block-uagb-container uagb-block-08bdc66b alignfull uagb-is-root-container\"><div class=\"uagb-container-inner-blocks-wrap\">\n<div class=\"wp-block-uagb-advanced-heading uagb-block-8a25e220\"><p class=\"uagb-heading-text\">Services<\/p><div class=\"uagb-separator\"><\/div><\/div>\n\n\n\n<div class=\"wp-block-uagb-container uagb-layout-grid uagb-block-5c68a50a\">\n<div class=\"wp-block-uagb-image uagb-block-53f5dea3 wp-block-uagb-image--layout-default wp-block-uagb-image--effect-static wp-block-uagb-image--align-none\"><figure class=\"wp-block-uagb-image__figure\"><img loading=\"lazy\" decoding=\"async\" srcset=\"https:\/\/reconocimientosvalencia.com\/wp-content\/uploads\/2025\/10\/pexels-photo-6249385.jpeg ,https:\/\/reconocimientosvalencia.com\/wp-content\/uploads\/2025\/10\/pexels-photo-6249385.jpeg 780w, https:\/\/reconocimientosvalencia.com\/wp-content\/uploads\/2025\/10\/pexels-photo-6249385.jpeg 360w\" sizes=\"auto, (max-width: 480px) 150px\" src=\"https:\/\/reconocimientosvalencia.com\/wp-content\/uploads\/2025\/10\/pexels-photo-6249385.jpeg\" alt=\"A person writing on a document at an office desk, focused on paperwork.\" class=\"uag-image-11\" width=\"420\" height=\"410\" title=\"services-05\" role=\"img\"\/><\/figure><\/div>\n\n\n\n<div class=\"wp-block-uagb-container uagb-block-778f7e32\">\n<div class=\"wp-block-uagb-info-box uagb-block-f0b253e0 uagb-infobox__content-wrap  uagb-infobox-icon-above-title uagb-infobox-image-valign-top\"><div class=\"uagb-ifb-content\"><div class=\"uagb-ifb-title-wrap\"><span class=\"uagb-ifb-title-prefix\">01.<\/span><div class=\"uagb-ifb-separator\"><\/div><h3 class=\"uagb-ifb-title\">Driving licences<\/h3><\/div><p class=\"uagb-ifb-desc\">We carry out medical examinations to obtain or renew your driving licence quickly and efficiently.<\/p><\/div><\/div>\n\n\n\n<div class=\"wp-block-uagb-info-box uagb-block-f9ac84ae uagb-infobox__content-wrap  uagb-infobox-icon-above-title uagb-infobox-image-valign-top\"><div class=\"uagb-ifb-content\"><div class=\"uagb-ifb-title-wrap\"><span class=\"uagb-ifb-title-prefix\">02.<\/span><div class=\"uagb-ifb-separator\"><\/div><h3 class=\"uagb-ifb-title\">Vessel Licences<\/h3><\/div><p class=\"uagb-ifb-desc\">Get your licence to sail with our specific medical examinations for boats.<\/p><\/div><\/div>\n<\/div>\n<\/div>\n\n\n\n<div class=\"wp-block-uagb-container uagb-layout-grid uagb-block-6d729892\">\n<div class=\"wp-block-uagb-container uagb-block-44fb29ae\">\n<div class=\"wp-block-uagb-info-box uagb-block-6a4682cb uagb-infobox__content-wrap  uagb-infobox-icon-above-title uagb-infobox-image-valign-top\"><div class=\"uagb-ifb-content\"><div class=\"uagb-ifb-title-wrap\"><span class=\"uagb-ifb-title-prefix\">03.<\/span><div class=\"uagb-ifb-separator\"><\/div><h3 class=\"uagb-ifb-title\">Weapons Licences<\/h3><\/div><p class=\"uagb-ifb-desc\">We carry out the compulsory examination to obtain firearms licences with total professionalism and seriousness.<\/p><\/div><\/div>\n<\/div>\n\n\n\n<div class=\"wp-block-uagb-image uagb-block-107767f8 wp-block-uagb-image--layout-default wp-block-uagb-image--effect-static wp-block-uagb-image--align-none\"><figure class=\"wp-block-uagb-image__figure\"><img loading=\"lazy\" decoding=\"async\" srcset=\"https:\/\/reconocimientosvalencia.com\/wp-content\/uploads\/2025\/10\/medical-appointment-doctor-healthcare-40568.jpeg ,https:\/\/reconocimientosvalencia.com\/wp-content\/uploads\/2025\/10\/medical-appointment-doctor-healthcare-40568.jpeg 780w, https:\/\/reconocimientosvalencia.com\/wp-content\/uploads\/2025\/10\/medical-appointment-doctor-healthcare-40568.jpeg 360w\" sizes=\"auto, (max-width: 480px) 150px\" src=\"https:\/\/reconocimientosvalencia.com\/wp-content\/uploads\/2025\/10\/medical-appointment-doctor-healthcare-40568.jpeg\" alt=\"A stethoscope and pen resting on a medical report in a healthcare setting.\" class=\"uag-image-12\" width=\"750\" height=\"410\" title=\"services-06\" role=\"img\"\/><\/figure><\/div>\n<\/div>\n<\/div><\/div>\n\n\n\n<div class=\"wp-block-uagb-container uagb-block-65effa8e alignfull uagb-is-root-container\"><div class=\"uagb-container-inner-blocks-wrap\">\n<div class=\"wp-block-uagb-info-box uagb-block-091c583e uagb-infobox__content-wrap  uagb-infobox-icon-above-title uagb-infobox-image-valign-top\"><div class=\"uagb-ifb-content\"><div class=\"uagb-ifb-title-wrap\"><h2 class=\"uagb-ifb-title\">Don't wait any longer to get your licence.<\/h2><\/div><p class=\"uagb-ifb-desc\">Book your appointment today and secure access to your permits.<\/p><\/div><\/div>\n<\/div><\/div>\n\n\n\n<div class=\"wp-block-uagb-container uagb-block-83548667 alignfull uagb-is-root-container\"><div class=\"uagb-container-inner-blocks-wrap\">\n<div class=\"wp-block-uagb-advanced-heading uagb-block-e0cb5439\"><p class=\"uagb-heading-text\">Why choose us<\/p><div class=\"uagb-separator\"><\/div><\/div>\n\n\n\n<div class=\"wp-block-uagb-advanced-heading uagb-block-8206bff7\"><h2 class=\"uagb-heading-text\">Commitments that make us unique in the medical sector<\/h2><\/div>\n\n\n\n<div class=\"wp-block-uagb-container uagb-layout-grid uagb-block-ac52fa34\">\n<div class=\"wp-block-uagb-image uagb-block-b9c7f8af wp-block-uagb-image--layout-default wp-block-uagb-image--effect-static wp-block-uagb-image--align-none\"><figure class=\"wp-block-uagb-image__figure\"><img loading=\"lazy\" decoding=\"async\" srcset=\"https:\/\/reconocimientosvalencia.com\/wp-content\/uploads\/2025\/10\/pexels-photo-5206940.jpeg ,https:\/\/reconocimientosvalencia.com\/wp-content\/uploads\/2025\/10\/pexels-photo-5206940.jpeg 780w, https:\/\/reconocimientosvalencia.com\/wp-content\/uploads\/2025\/10\/pexels-photo-5206940.jpeg 360w\" sizes=\"auto, (max-width: 480px) 150px\" src=\"https:\/\/reconocimientosvalencia.com\/wp-content\/uploads\/2025\/10\/pexels-photo-5206940.jpeg\" alt=\"Close-up of a healthcare worker holding a stethoscope, showcasing medical professionalism.\" class=\"uag-image-13\" width=\"700\" height=\"470\" title=\"why-choose-us\" role=\"img\"\/><\/figure><\/div>\n\n\n\n<div class=\"wp-block-uagb-container uagb-block-45ff912f\">\n<div class=\"wp-block-uagb-container uagb-layout-grid uagb-block-8e62ac0a\">\n<div class=\"wp-block-uagb-advanced-heading uagb-block-b8e76fe9\"><h2 class=\"uagb-heading-text\">01<\/h2><\/div>\n\n\n\n<div class=\"wp-block-uagb-advanced-heading uagb-block-45c96698\"><h3 class=\"uagb-heading-text\">Speed<\/h3><p class=\"uagb-desc-text\">We offer a streamlined service so that you can obtain your permits without unnecessary delays.<\/p><\/div>\n<\/div>\n\n\n\n<div class=\"wp-block-uagb-container uagb-layout-grid uagb-block-817552aa\">\n<div class=\"wp-block-uagb-advanced-heading uagb-block-90bf524c\"><h2 class=\"uagb-heading-text\">02<\/h2><\/div>\n\n\n\n<div class=\"wp-block-uagb-advanced-heading uagb-block-d813235b\"><h3 class=\"uagb-heading-text\">Trust<\/h3><p class=\"uagb-desc-text\">Our medical staff is highly qualified to provide you with safe and professional care.<\/p><\/div>\n<\/div>\n\n\n\n<div class=\"wp-block-uagb-container uagb-layout-grid uagb-block-78fbfab3\">\n<div class=\"wp-block-uagb-advanced-heading uagb-block-db61aa38\"><h2 class=\"uagb-heading-text\">03<\/h2><\/div>\n\n\n\n<div class=\"wp-block-uagb-advanced-heading uagb-block-37613d6c\"><h3 class=\"uagb-heading-text\">Accessibility<\/h3><p class=\"uagb-desc-text\">Central location and flexible opening hours to adapt to your needs and facilitate your access to our services.<\/p><\/div>\n<\/div>\n<\/div>\n<\/div>\n<\/div><\/div>\n\n\n\n<div class=\"wp-block-uagb-container uagb-block-585a2e04 alignfull uagb-is-root-container\"><div class=\"uagb-container-inner-blocks-wrap\">\n<div class=\"wp-block-uagb-advanced-heading uagb-block-88971b21\"><p class=\"uagb-heading-text\">Opinions<\/p><div class=\"uagb-separator\"><\/div><\/div>\n\n\n\n<div class=\"wp-block-uagb-container uagb-layout-grid uagb-block-ed920848\">\n<div class=\"wp-block-uagb-advanced-heading uagb-block-a7ca570d\"><h2 class=\"uagb-heading-text\">What our patients say<\/h2><\/div>\n\n\n\n<div class=\"wp-block-uagb-container uagb-block-5627342a\">\n<div class=\"wp-block-uagb-container uagb-layout-grid uagb-block-371000e3\">\n<div class=\"wp-block-uagb-image alignleft uagb-block-f27c3b15 wp-block-uagb-image--layout-default wp-block-uagb-image--effect-static wp-block-uagb-image--align-left\"><figure class=\"wp-block-uagb-image__figure\"><img loading=\"lazy\" decoding=\"async\" srcset=\"https:\/\/reconocimientosvalencia.com\/wp-content\/uploads\/2024\/06\/testimonial-skip-01.jpg ,https:\/\/reconocimientosvalencia.com\/wp-content\/uploads\/2024\/06\/testimonial-skip-01.jpg 780w, https:\/\/reconocimientosvalencia.com\/wp-content\/uploads\/2024\/06\/testimonial-skip-01.jpg 360w\" sizes=\"auto, (max-width: 480px) 150px\" src=\"https:\/\/reconocimientosvalencia.com\/wp-content\/uploads\/2024\/06\/testimonial-skip-01.jpg\" alt=\"Testimonial Skip 01\" class=\"uag-image-150\" width=\"80\" height=\"80\" title=\"testimonial-skip-01\" role=\"img\"><\/figure><\/div>\n\n\n\n<div class=\"wp-block-uagb-advanced-heading uagb-block-cd070e4e\"><p class=\"uagb-heading-text\">The service was excellent and the process was very fast. I would definitely recommend it to my friends.<\/p><p class=\"uagb-desc-text\">Juan P\u00e9rez<\/p><\/div>\n<\/div>\n\n\n\n<div class=\"wp-block-uagb-container uagb-layout-grid uagb-block-eb5f4682\">\n<div class=\"wp-block-uagb-image alignleft uagb-block-3ab59835 wp-block-uagb-image--layout-default wp-block-uagb-image--effect-static wp-block-uagb-image--align-left\"><figure class=\"wp-block-uagb-image__figure\"><img loading=\"lazy\" decoding=\"async\" srcset=\"https:\/\/reconocimientosvalencia.com\/wp-content\/uploads\/2024\/06\/testimonial-skip-02.jpg ,https:\/\/reconocimientosvalencia.com\/wp-content\/uploads\/2024\/06\/testimonial-skip-02.jpg 780w, https:\/\/reconocimientosvalencia.com\/wp-content\/uploads\/2024\/06\/testimonial-skip-02.jpg 360w\" sizes=\"auto, (max-width: 480px) 150px\" src=\"https:\/\/reconocimientosvalencia.com\/wp-content\/uploads\/2024\/06\/testimonial-skip-02.jpg\" alt=\"Testimonial Skip 02\" class=\"uag-image-151\" width=\"80\" height=\"80\" title=\"testimonial-skip-02\" role=\"img\"><\/figure><\/div>\n\n\n\n<div class=\"wp-block-uagb-advanced-heading uagb-block-245fb4a5\"><p class=\"uagb-heading-text\">Very satisfied with the service! The team is very professional and friendly. I will be back without hesitation.<\/p><p class=\"uagb-desc-text\">Sara L\u00f3pez<\/p><\/div>\n<\/div>\n\n\n\n<div class=\"wp-block-uagb-container uagb-layout-grid uagb-block-e2664f01\">\n<div class=\"wp-block-uagb-image alignleft uagb-block-400d846b wp-block-uagb-image--layout-default wp-block-uagb-image--effect-static wp-block-uagb-image--align-left\"><figure class=\"wp-block-uagb-image__figure\"><img loading=\"lazy\" decoding=\"async\" srcset=\"https:\/\/reconocimientosvalencia.com\/wp-content\/uploads\/2024\/06\/testimonial-skip-03.jpg ,https:\/\/reconocimientosvalencia.com\/wp-content\/uploads\/2024\/06\/testimonial-skip-03.jpg 780w, https:\/\/reconocimientosvalencia.com\/wp-content\/uploads\/2024\/06\/testimonial-skip-03.jpg 360w\" sizes=\"auto, (max-width: 480px) 150px\" src=\"https:\/\/reconocimientosvalencia.com\/wp-content\/uploads\/2024\/06\/testimonial-skip-03.jpg\" alt=\"Testimonial Skip 03\" class=\"uag-image-152\" width=\"80\" height=\"80\" title=\"testimonial-skip-03\" role=\"img\"><\/figure><\/div>\n\n\n\n<div class=\"wp-block-uagb-advanced-heading uagb-block-8c307fb4\"><p class=\"uagb-heading-text\">The whole process was easy and quick. I am very grateful for the attention I received here.<\/p><p class=\"uagb-desc-text\">Clara Jim\u00e9nez<\/p><\/div>\n<\/div>\n<\/div>\n<\/div>\n<\/div><\/div>\n\n\n\n<div class=\"wp-block-uagb-container uagb-layout-grid uagb-block-29a0aaa8 alignfull uagb-is-root-container\"><div class=\"uagb-container-inner-blocks-wrap\">\n<div class=\"wp-block-uagb-advanced-heading uagb-block-42bca5dd\"><div class=\"uagb-separator\"><\/div><h2 class=\"uagb-heading-text\">Contact us for more information and appointments.<\/h2><\/div>\n\n\n\n<div class=\"wp-block-uagb-info-box uagb-block-620f6d21 uagb-infobox__content-wrap  uagb-infobox-icon-above-title uagb-infobox-image-valign-top\"><div class=\"uagb-ifb-content\"><div class=\"uagb-ifb-title-wrap\"><p class=\"uagb-ifb-title\">We are here to help you get your medical examinations quickly and efficiently - don't hesitate to write to us!<\/p><\/div><\/div><\/div>\n<\/div><\/div>","protected":false},"excerpt":{"rendered":"<p>Renueva tu carnet o licencia sin esperas aqu\u00ed. En Reconocimientos Valencia, ofrecemos servicios m\u00e9dicos eficientes y profesionales para la obtenci\u00f3n [&hellip;]<\/p>","protected":false},"author":1,"featured_media":0,"parent":0,"menu_order":0,"comment_status":"closed","ping_status":"closed","template":"","meta":{"_uag_custom_page_level_css":"","site-sidebar-layout":"default","site-content-layout":"","ast-site-content-layout":"default","site-content-style":"default","site-sidebar-style":"default","ast-global-header-display":"","ast-banner-title-visibility":"","ast-main-header-display":"","ast-hfb-above-header-display":"","ast-hfb-below-header-display":"","ast-hfb-mobile-header-display":"","site-post-title":"","ast-breadcrumbs-content":"","ast-featured-img":"","footer-sml-layout":"","theme-transparent-header-meta":"enabled","adv-header-id-meta":"","stick-header-meta":"","header-above-stick-meta":"","header-main-stick-meta":"","header-below-stick-meta":"","astra-migrate-meta-layouts":"default","ast-page-background-enabled":"default","ast-page-background-meta":{"desktop":{"background-color":"var(--ast-global-color-4)","background-image":"","background-repeat":"repeat","background-position":"center center","background-size":"auto","background-attachment":"scroll","background-type":"","background-media":"","overlay-type":"","overlay-color":"","overlay-opacity":"","overlay-gradient":""},"tablet":{"background-color":"","background-image":"","background-repeat":"repeat","background-position":"center center","background-size":"auto","background-attachment":"scroll","background-type":"","background-media":"","overlay-type":"","overlay-color":"","overlay-opacity":"","overlay-gradient":""},"mobile":{"background-color":"","background-image":"","background-repeat":"repeat","background-position":"center center","background-size":"auto","background-attachment":"scroll","background-type":"","background-media":"","overlay-type":"","overlay-color":"","overlay-opacity":"","overlay-gradient":""}},"ast-content-background-meta":{"desktop":{"background-color":"var(--ast-global-color-5)","background-image":"","background-repeat":"repeat","background-position":"center center","background-size":"auto","background-attachment":"scroll","background-type":"","background-media":"","overlay-type":"","overlay-color":"","overlay-opacity":"","overlay-gradient":""},"tablet":{"background-color":"var(--ast-global-color-5)","background-image":"","background-repeat":"repeat","background-position":"center center","background-size":"auto","background-attachment":"scroll","background-type":"","background-media":"","overlay-type":"","overlay-color":"","overlay-opacity":"","overlay-gradient":""},"mobile":{"background-color":"var(--ast-global-color-5)","background-image":"","background-repeat":"repeat","background-position":"center center","background-size":"auto","background-attachment":"scroll","background-type":"","background-media":"","overlay-type":"","overlay-color":"","overlay-opacity":"","overlay-gradient":""}},"footnotes":""},"class_list":["post-205","page","type-page","status-publish","hentry"],"uagb_featured_image_src":{"full":false,"thumbnail":false,"medium":false,"medium_large":false,"large":false,"1536x1536":false,"2048x2048":false,"trp-custom-language-flag":false},"uagb_author_info":{"display_name":"Tobylola S.L- NIF: B44719037","author_link":"https:\/\/reconocimientosvalencia.com\/en\/author\/reconocimientosvalencia\/"},"uagb_comment_info":0,"uagb_excerpt":"Renueva tu carnet o licencia sin esperas aqu\u00ed. En Reconocimientos Valencia, ofrecemos servicios m\u00e9dicos eficientes y profesionales para la obtenci\u00f3n [&hellip;]","_links":{"self":[{"href":"https:\/\/reconocimientosvalencia.com\/en\/wp-json\/wp\/v2\/pages\/205","targetHints":{"allow":["GET"]}}],"collection":[{"href":"https:\/\/reconocimientosvalencia.com\/en\/wp-json\/wp\/v2\/pages"}],"about":[{"href":"https:\/\/reconocimientosvalencia.com\/en\/wp-json\/wp\/v2\/types\/page"}],"author":[{"embeddable":true,"href":"https:\/\/reconocimientosvalencia.com\/en\/wp-json\/wp\/v2\/users\/1"}],"replies":[{"embeddable":true,"href":"https:\/\/reconocimientosvalencia.com\/en\/wp-json\/wp\/v2\/comments?post=205"}],"version-history":[{"count":13,"href":"https:\/\/reconocimientosvalencia.com\/en\/wp-json\/wp\/v2\/pages\/205\/revisions"}],"predecessor-version":[{"id":313,"href":"https:\/\/reconocimientosvalencia.com\/en\/wp-json\/wp\/v2\/pages\/205\/revisions\/313"}],"wp:attachment":[{"href":"https:\/\/reconocimientosvalencia.com\/en\/wp-json\/wp\/v2\/media?parent=205"}],"curies":[{"name":"wp","href":"https:\/\/api.w.org\/{rel}","templated":true}]}}