{"id":207,"date":"2025-10-16T15:12:24","date_gmt":"2025-10-16T15:12:24","guid":{"rendered":"https:\/\/reconocimientosvalencia.com\/services\/"},"modified":"2025-10-16T15:23:38","modified_gmt":"2025-10-16T15:23:38","slug":"servicios","status":"publish","type":"page","link":"https:\/\/reconocimientosvalencia.com\/en\/servicios\/","title":{"rendered":"Services"},"content":{"rendered":"<div class=\"wp-block-uagb-container uagb-layout-grid uagb-block-52a5e7a5 alignfull uagb-is-root-container\"><div class=\"uagb-container-inner-blocks-wrap\">\n<div class=\"wp-block-uagb-advanced-heading uagb-block-8f9583b5\"><div class=\"uagb-separator\"><\/div><h1 class=\"uagb-heading-text\">Our Specialised Medical Services<\/h1><\/div>\n\n\n\n<div class=\"wp-block-uagb-advanced-heading uagb-block-0a094371\"><p class=\"uagb-heading-text\">We offer medical examinations for various licences and certificates, guaranteeing a professional and fast service.<\/p><\/div>\n<\/div><\/div>\n\n\n\n<div class=\"wp-block-uagb-container uagb-block-6d4e3205 alignfull uagb-is-root-container\"><div class=\"uagb-container-inner-blocks-wrap\">\n<div class=\"wp-block-uagb-image uagb-block-41997195 wp-block-uagb-image--layout-default wp-block-uagb-image--effect-static wp-block-uagb-image--align-none uag-hide-mob uag-blocks-common-selector\" style=\"--z-index-desktop:1;;--z-index-tablet:undefined;;--z-index-mobile:undefined;\"><figure class=\"wp-block-uagb-image__figure\"><img loading=\"lazy\" decoding=\"async\" srcset=\"https:\/\/reconocimientosvalencia.com\/wp-content\/uploads\/2025\/10\/pexels-photo-7088524.jpeg ,http:\/\/reconocimientosvalencia.com\/wp-content\/uploads\/2024\/06\/services-bg.jpg 780w, http:\/\/reconocimientosvalencia.com\/wp-content\/uploads\/2024\/06\/services-bg.jpg 360w\" sizes=\"auto, (max-width: 480px) 150px\" src=\"https:\/\/reconocimientosvalencia.com\/wp-content\/uploads\/2025\/10\/pexels-photo-7088524.jpeg\" alt=\"Medical professional reviewing MRI scans on computer screens for diagnostic purposes.\" class=\"uag-image-15\" width=\"1200\" height=\"400\" title=\"services-bg\" role=\"img\"\/><\/figure><\/div>\n\n\n\n<div class=\"wp-block-uagb-container uagb-layout-grid uagb-block-f87c5a33\">\n<div class=\"wp-block-uagb-image uagb-block-d5cf57dc wp-block-uagb-image--layout-default wp-block-uagb-image--effect-static wp-block-uagb-image--align-none\"><figure class=\"wp-block-uagb-image__figure\"><img loading=\"lazy\" decoding=\"async\" srcset=\"https:\/\/reconocimientosvalencia.com\/wp-content\/uploads\/2025\/10\/pexels-photo-7089620.jpeg ,https:\/\/reconocimientosvalencia.com\/wp-content\/uploads\/2025\/10\/pexels-photo-7089620.jpeg 780w, https:\/\/reconocimientosvalencia.com\/wp-content\/uploads\/2025\/10\/pexels-photo-7089620.jpeg 360w\" sizes=\"auto, (max-width: 480px) 150px\" src=\"https:\/\/reconocimientosvalencia.com\/wp-content\/uploads\/2025\/10\/pexels-photo-7089620.jpeg\" alt=\"A doctor holds and reviews medical documents, demonstrating careful examination and professionalism.\" class=\"uag-image-16\" width=\"420\" height=\"450\" title=\"services-01\" role=\"img\"\/><\/figure><\/div>\n\n\n\n<div class=\"wp-block-uagb-info-box uagb-block-e13864df uagb-infobox__content-wrap  uagb-infobox-icon-above-title uagb-infobox-image-valign-top\"><div class=\"uagb-ifb-content\"><div class=\"uagb-ifb-title-wrap\"><span class=\"uagb-ifb-title-prefix\">01<\/span><h2 class=\"uagb-ifb-title\">Driving licences<\/h2><\/div><p class=\"uagb-ifb-desc\">At our centre, we offer a medical examination service for driving licences. We have a specialised team that guarantees a rigorous and reliable assessment. Our aim is for you to obtain your licence quickly, without wasting time. In addition, we adapt the process to your needs, allowing you to make an appointment in advance to make your experience even faster and more efficient. Professionalism and trust are our priorities so that you feel safe throughout the whole process.<\/p><\/div><\/div>\n<\/div>\n\n\n\n<div class=\"wp-block-uagb-container uagb-layout-grid uagb-block-482412be\">\n<div class=\"wp-block-uagb-info-box uagb-block-438eb260 uagb-infobox__content-wrap  uagb-infobox-icon-above-title uagb-infobox-image-valign-top\"><div class=\"uagb-ifb-content\"><div class=\"uagb-ifb-title-wrap\"><span class=\"uagb-ifb-title-prefix\">02<\/span><h2 class=\"uagb-ifb-title\">Vessel Licences<\/h2><\/div><p class=\"uagb-ifb-desc\">At Reconocimientos Valencia, we offer specialised medical examinations for obtaining boat licences. We know that sailing requires specific skills and an adequate state of health, which is why we carry out complete medical assessments. Our team of professionals will guide you through the entire procedure, ensuring that you meet all the necessary legal requirements. With a fast and personalised approach, we will help you obtain your licence to enjoy boating without hassle.<\/p><\/div><\/div>\n\n\n\n<div class=\"wp-block-uagb-image uagb-block-9593fe77 wp-block-uagb-image--layout-default wp-block-uagb-image--effect-static wp-block-uagb-image--align-none\"><figure class=\"wp-block-uagb-image__figure\"><img loading=\"lazy\" decoding=\"async\" srcset=\"https:\/\/reconocimientosvalencia.com\/wp-content\/uploads\/2025\/10\/pexels-photo-4226257.jpeg ,https:\/\/reconocimientosvalencia.com\/wp-content\/uploads\/2025\/10\/pexels-photo-4226257.jpeg 780w, https:\/\/reconocimientosvalencia.com\/wp-content\/uploads\/2025\/10\/pexels-photo-4226257.jpeg 360w\" sizes=\"auto, (max-width: 480px) 150px\" src=\"https:\/\/reconocimientosvalencia.com\/wp-content\/uploads\/2025\/10\/pexels-photo-4226257.jpeg\" alt=\"Medical professional in mask and gloves examining a chest X-ray indoors.\" class=\"uag-image-17\" width=\"420\" height=\"450\" title=\"services-02\" role=\"img\"\/><\/figure><\/div>\n<\/div>\n\n\n\n<div class=\"wp-block-uagb-container uagb-layout-grid uagb-block-bcade5ff\">\n<div class=\"wp-block-uagb-image uagb-block-3cb92e8a wp-block-uagb-image--layout-default wp-block-uagb-image--effect-static wp-block-uagb-image--align-none\"><figure class=\"wp-block-uagb-image__figure\"><img loading=\"lazy\" decoding=\"async\" srcset=\"https:\/\/reconocimientosvalencia.com\/wp-content\/uploads\/2025\/10\/pexels-photo-5215000.jpeg ,https:\/\/reconocimientosvalencia.com\/wp-content\/uploads\/2025\/10\/pexels-photo-5215000.jpeg 780w, https:\/\/reconocimientosvalencia.com\/wp-content\/uploads\/2025\/10\/pexels-photo-5215000.jpeg 360w\" sizes=\"auto, (max-width: 480px) 150px\" src=\"https:\/\/reconocimientosvalencia.com\/wp-content\/uploads\/2025\/10\/pexels-photo-5215000.jpeg\" alt=\"Doctor measuring patient&#039;s blood pressure with digital monitor in a clinical setting.\" class=\"uag-image-18\" width=\"420\" height=\"450\" title=\"services-03\" role=\"img\"\/><\/figure><\/div>\n\n\n\n<div class=\"wp-block-uagb-info-box uagb-block-3d8f6cce uagb-infobox__content-wrap  uagb-infobox-icon-above-title uagb-infobox-image-valign-top\"><div class=\"uagb-ifb-content\"><div class=\"uagb-ifb-title-wrap\"><span class=\"uagb-ifb-title-prefix\">03<\/span><h2 class=\"uagb-ifb-title\">Weapons Licences<\/h2><\/div><p class=\"uagb-ifb-desc\">The process to obtain a firearms licence requires an exhaustive medical examination, and at Reconocimientos Valencia we are prepared to offer you this service. Our medical staff carry out a detailed evaluation of your physical and psychological health, in compliance with current regulations. The seriousness with which we treat each case guarantees the necessary confidence for you to obtain your firearms licence safely. We provide a fast and confidential service, adapted to the specifications required by law.<\/p><\/div><\/div>\n<\/div>\n\n\n\n<div class=\"wp-block-uagb-container uagb-layout-grid uagb-block-66b30793\">\n<div class=\"wp-block-uagb-info-box uagb-block-fda47be5 uagb-infobox__content-wrap  uagb-infobox-icon-above-title uagb-infobox-image-valign-top\"><div class=\"uagb-ifb-content\"><div class=\"uagb-ifb-title-wrap\"><span class=\"uagb-ifb-title-prefix\">04<\/span><h2 class=\"uagb-ifb-title\">Labour Recognition<\/h2><\/div><p class=\"uagb-ifb-desc\">In the workplace, we offer medical examinations to ensure that employees meet the necessary health requirements. This service is essential to ensure a safe and healthy working environment. We conduct medical assessments that comply with industry regulations, enabling companies to meet their legal obligations and ensure the well-being of their employees. In addition, our detailed reports provide all the information companies need for recruitment and maintenance of their work activities.<\/p><\/div><\/div>\n\n\n\n<div class=\"wp-block-uagb-image uagb-block-15026c62 wp-block-uagb-image--layout-default wp-block-uagb-image--effect-static wp-block-uagb-image--align-none\"><figure class=\"wp-block-uagb-image__figure\"><img loading=\"lazy\" decoding=\"async\" srcset=\"https:\/\/reconocimientosvalencia.com\/wp-content\/uploads\/2025\/10\/pexels-photo-7345467.jpeg ,https:\/\/reconocimientosvalencia.com\/wp-content\/uploads\/2025\/10\/pexels-photo-7345467.jpeg 780w, https:\/\/reconocimientosvalencia.com\/wp-content\/uploads\/2025\/10\/pexels-photo-7345467.jpeg 360w\" sizes=\"auto, (max-width: 480px) 150px\" src=\"https:\/\/reconocimientosvalencia.com\/wp-content\/uploads\/2025\/10\/pexels-photo-7345467.jpeg\" alt=\"An elderly man having his blood pressure checked by a nurse during a routine health checkup indoors.\" class=\"uag-image-19\" width=\"420\" height=\"450\" title=\"services-04\" role=\"img\"\/><\/figure><\/div>\n<\/div>\n<\/div><\/div>\n\n\n\n<div class=\"wp-block-uagb-container uagb-layout-grid uagb-block-29a0aaa8 alignfull uagb-is-root-container\"><div class=\"uagb-container-inner-blocks-wrap\">\n<div class=\"wp-block-uagb-advanced-heading uagb-block-42bca5dd\"><div class=\"uagb-separator\"><\/div><h2 class=\"uagb-heading-text\">Contact us for more information and appointments.<\/h2><\/div>\n\n\n\n<div class=\"wp-block-uagb-info-box uagb-block-620f6d21 uagb-infobox__content-wrap  uagb-infobox-icon-above-title uagb-infobox-image-valign-top\"><div class=\"uagb-ifb-content\"><div class=\"uagb-ifb-title-wrap\"><p class=\"uagb-ifb-title\">We are here to help you get your medical examinations quickly and efficiently - don't hesitate to write to us!<\/p><\/div><\/div><\/div>\n<\/div><\/div>","protected":false},"excerpt":{"rendered":"<p>Our Specialised Medical Services We offer medical examinations for various licences and certificates, guaranteeing a professional and fast service.<\/p>","protected":false},"author":1,"featured_media":0,"parent":0,"menu_order":0,"comment_status":"closed","ping_status":"closed","template":"","meta":{"_uag_custom_page_level_css":"","site-sidebar-layout":"default","site-content-layout":"","ast-site-content-layout":"default","site-content-style":"default","site-sidebar-style":"default","ast-global-header-display":"","ast-banner-title-visibility":"","ast-main-header-display":"","ast-hfb-above-header-display":"","ast-hfb-below-header-display":"","ast-hfb-mobile-header-display":"","site-post-title":"disabled","ast-breadcrumbs-content":"","ast-featured-img":"","footer-sml-layout":"","theme-transparent-header-meta":"enabled","adv-header-id-meta":"","stick-header-meta":"","header-above-stick-meta":"","header-main-stick-meta":"","header-below-stick-meta":"","astra-migrate-meta-layouts":"default","ast-page-background-enabled":"default","ast-page-background-meta":{"desktop":{"background-color":"var(--ast-global-color-4)","background-image":"","background-repeat":"repeat","background-position":"center center","background-size":"auto","background-attachment":"scroll","background-type":"","background-media":"","overlay-type":"","overlay-color":"","overlay-opacity":"","overlay-gradient":""},"tablet":{"background-color":"","background-image":"","background-repeat":"repeat","background-position":"center center","background-size":"auto","background-attachment":"scroll","background-type":"","background-media":"","overlay-type":"","overlay-color":"","overlay-opacity":"","overlay-gradient":""},"mobile":{"background-color":"","background-image":"","background-repeat":"repeat","background-position":"center center","background-size":"auto","background-attachment":"scroll","background-type":"","background-media":"","overlay-type":"","overlay-color":"","overlay-opacity":"","overlay-gradient":""}},"ast-content-background-meta":{"desktop":{"background-color":"var(--ast-global-color-5)","background-image":"","background-repeat":"repeat","background-position":"center center","background-size":"auto","background-attachment":"scroll","background-type":"","background-media":"","overlay-type":"","overlay-color":"","overlay-opacity":"","overlay-gradient":""},"tablet":{"background-color":"var(--ast-global-color-5)","background-image":"","background-repeat":"repeat","background-position":"center center","background-size":"auto","background-attachment":"scroll","background-type":"","background-media":"","overlay-type":"","overlay-color":"","overlay-opacity":"","overlay-gradient":""},"mobile":{"background-color":"var(--ast-global-color-5)","background-image":"","background-repeat":"repeat","background-position":"center center","background-size":"auto","background-attachment":"scroll","background-type":"","background-media":"","overlay-type":"","overlay-color":"","overlay-opacity":"","overlay-gradient":""}},"footnotes":""},"class_list":["post-207","page","type-page","status-publish","hentry"],"uagb_featured_image_src":{"full":false,"thumbnail":false,"medium":false,"medium_large":false,"large":false,"1536x1536":false,"2048x2048":false,"trp-custom-language-flag":false},"uagb_author_info":{"display_name":"Tobylola S.L- NIF: B44719037","author_link":"https:\/\/reconocimientosvalencia.com\/en\/author\/reconocimientosvalencia\/"},"uagb_comment_info":0,"uagb_excerpt":"Nuestros Servicios M\u00e9dicos Especializados Ofrecemos reconocimientos m\u00e9dicos para diversas licencias y certificados, garantizando un servicio profesional y \u00e1gil.","_links":{"self":[{"href":"https:\/\/reconocimientosvalencia.com\/en\/wp-json\/wp\/v2\/pages\/207","targetHints":{"allow":["GET"]}}],"collection":[{"href":"https:\/\/reconocimientosvalencia.com\/en\/wp-json\/wp\/v2\/pages"}],"about":[{"href":"https:\/\/reconocimientosvalencia.com\/en\/wp-json\/wp\/v2\/types\/page"}],"author":[{"embeddable":true,"href":"https:\/\/reconocimientosvalencia.com\/en\/wp-json\/wp\/v2\/users\/1"}],"replies":[{"embeddable":true,"href":"https:\/\/reconocimientosvalencia.com\/en\/wp-json\/wp\/v2\/comments?post=207"}],"version-history":[{"count":4,"href":"https:\/\/reconocimientosvalencia.com\/en\/wp-json\/wp\/v2\/pages\/207\/revisions"}],"predecessor-version":[{"id":267,"href":"https:\/\/reconocimientosvalencia.com\/en\/wp-json\/wp\/v2\/pages\/207\/revisions\/267"}],"wp:attachment":[{"href":"https:\/\/reconocimientosvalencia.com\/en\/wp-json\/wp\/v2\/media?parent=207"}],"curies":[{"name":"wp","href":"https:\/\/api.w.org\/{rel}","templated":true}]}}